{"id":566,"date":"2021-08-27T10:14:00","date_gmt":"2021-08-27T08:14:00","guid":{"rendered":"https:\/\/fachtag-thueringen.de\/Sommertagung_DenkBunt_2021\/?page_id=566"},"modified":"2021-08-27T10:20:54","modified_gmt":"2021-08-27T08:20:54","slug":"registrierung","status":"publish","type":"page","link":"https:\/\/fachtag-thueringen.de\/Sommertagung_DenkBunt_2021\/registrierung\/","title":{"rendered":"Registrierung f\u00fcr die Fachtagung"},"content":{"rendered":"\n<h1 class=\"wp-block-heading\">Registrierung f\u00fcr die Fachtagung<\/h1>\n\n\n\n<p>F\u00fcllen Sie das folgende Formular aus, um sie f\u00fcr die Fachtagung zu registrieren. Bitte achten Sie auf die korrekte Schreibweise Ihrer Daten. Bei einer erfolgreichen Registrierung erhalten Sie eine Best\u00e4tigungsmail, dass Sie f\u00fcr die Fachtagung registriert sind. Damit haben Sie die M\u00f6glichkeit, sich f\u00fcr die Vernetzungsangebote und Workshops anzumelden und die Fachtagung \u00fcber das Live-Fenster zu verfolgen.<\/p>\n\n\n\r\n<div class=\"um um-register um-474\">\r\n\r\n\t<div class=\"um-form\" data-mode=\"register\">\r\n\r\n\t\t<form method=\"post\" action=\"\">\r\n\r\n\t\t\t<div class=\"um-row _um_row_1 \" style=\"margin: 0 0 30px 0;\"><div class=\"um-col-1\"><div  id=\"um_field_474_first_name\" class=\"um-field um-field-text  um-field-first_name um-field-text um-field-type_text\" data-key=\"first_name\"><div class=\"um-field-label\"><label for=\"first_name-474\">Vorname<\/label><div class=\"um-clear\"><\/div><\/div><div class=\"um-field-area\"><input  autocomplete=\"off\" class=\"um-form-field valid \" type=\"text\" name=\"first_name-474\" id=\"first_name-474\" value=\"\" placeholder=\"\" data-validate=\"\" data-key=\"first_name\" \/>\n\n\t\t\t\t\t\t<\/div><\/div><div  id=\"um_field_474_last_name\" class=\"um-field um-field-text  um-field-last_name um-field-text um-field-type_text\" data-key=\"last_name\"><div class=\"um-field-label\"><label for=\"last_name-474\">Nachname<\/label><div class=\"um-clear\"><\/div><\/div><div class=\"um-field-area\"><input  autocomplete=\"off\" class=\"um-form-field valid \" type=\"text\" name=\"last_name-474\" id=\"last_name-474\" value=\"\" placeholder=\"\" data-validate=\"\" data-key=\"last_name\" \/>\n\n\t\t\t\t\t\t<\/div><\/div><div  id=\"um_field_474_einrichtung\" class=\"um-field um-field-text  um-field-einrichtung um-field-text um-field-type_text\" data-key=\"einrichtung\"><div class=\"um-field-label\"><label for=\"einrichtung-474\">Einrichtung<\/label><div class=\"um-clear\"><\/div><\/div><div class=\"um-field-area\"><input  autocomplete=\"off\" class=\"um-form-field valid \" type=\"text\" name=\"einrichtung-474\" id=\"einrichtung-474\" value=\"\" placeholder=\"\" data-validate=\"\" data-key=\"einrichtung\" \/>\n\n\t\t\t\t\t\t<\/div><\/div><div  id=\"um_field_474_user_email\" class=\"um-field um-field-text  um-field-user_email um-field-text um-field-type_text\" data-key=\"user_email\"><div class=\"um-field-label\"><label for=\"user_email-474\">E-Mail Adresse<\/label><div class=\"um-clear\"><\/div><\/div><div class=\"um-field-area\"><input  autocomplete=\"off\" class=\"um-form-field valid \" type=\"text\" name=\"user_email-474\" id=\"user_email-474\" value=\"\" placeholder=\"\" data-validate=\"unique_email\" data-key=\"user_email\" \/>\n\n\t\t\t\t\t\t<\/div><\/div><div  id=\"um_field_474_user_password\" class=\"um-field um-field-password  um-field-user_password um-field-password um-field-type_password\" data-key=\"user_password\"><div class=\"um-field-label\"><label for=\"user_password-474\">Passwort<\/label><div class=\"um-clear\"><\/div><\/div><div class=\"um-field-area\"><input class=\"um-form-field valid \" type=\"password\" name=\"user_password-474\" id=\"user_password-474\" value=\"\" placeholder=\"\" data-validate=\"\" data-key=\"user_password\" \/>\n\n\t\t\t\t\t\t<\/div><\/div><div  id=\"um_field_474_confirm_user_password\" class=\"um-field um-field-password  um-field-user_password um-field-password um-field-type_password\" data-key=\"confirm_user_password\"><div class=\"um-field-label\"><label for=\"confirm_user_password-474\">Passwort best\u00e4tigen<\/label><div class=\"um-clear\"><\/div><\/div><div class=\"um-field-area\"><input class=\"um-form-field valid \" type=\"password\" name=\"confirm_user_password-474\" id=\"confirm_user_password-474\" value=\"\" placeholder=\"Passwort best\u00e4tigen\" data-validate=\"\" data-key=\"confirm_user_password\" \/><\/div><\/div><\/div><\/div>\r\n<!-- This file should primarily consist of HTML with a little bit of PHP. -->\r\n<div class=\"um-field um-field-type_terms_conditions\" data-key=\"use_terms_conditions_agreement\" style=\"display:block;padding:0;\">\r\n\t<div class=\"um-field-area\">\r\n\t\t<div class=\"um-gdpr-content\" style=\"display:none;\">\r\n\t\t\t\n<h1 class=\"wp-block-heading\">Datenschutzerkl\u00e4rung<\/h1>\n\n\n\n<p>Diese Datenschutzerkl\u00e4rung kl\u00e4rt Sie \u00fcber die Art, den Umfang und Zweck der Verarbeitung von personenbezogenen Daten (nachfolgend kurz \u201eDaten\u201c) innerhalb unseres Onlineangebotes und der mit ihm verbundenen Webseiten, Funktionen und Inhalte sowie externen Onlinepr\u00e4senzen, wie z.B. unsere Social-Media-Profile auf (nachfolgend gemeinsam bezeichnet als \u201eOnlineangebot\u201c). Im Hinblick auf die verwendeten Begriffe, wie z.B. \u201eVerarbeitung\u201c oder \u201eVerantwortlicher\u201c verweisen wir auf die Definitionen in Art. 4 der Datenschutzgrundverordnung (EU-DSGVO).<\/p>\n\n\n\n<h2 class=\"wp-block-heading\">Identit\u00e4t des Verantwortlichen<\/h2>\n\n\n\n<p>Th\u00fcringer Ministerium f\u00fcr Bildung, Jugend und Sport<br>Postfach 900463<br>99107 Erfurt<\/p>\n\n\n\n<p>E-Mail: poststelle@tmbjs.thueringen.de<br>Telefon: 0361 57-100<br>Fax: 0361 57 &#8211; 34 11 690<\/p>\n\n\n\n<p>Das Th\u00fcringer Ministerium f\u00fcr Bildung, Jugend und Sport wird durch Staatssekret\u00e4rin Dr. Julia Heesen vertreten.<\/p>\n\n\n\n<p>Verantwortlich f\u00fcr den Internetauftritt ist der Pressesprecher des Th\u00fcringer Ministeriums f\u00fcr Bildung, Jugend und Sport:<br>Felix Knothe<br>Referatsleiter &#8220;Presse- und \u00d6ffentlichkeitsarbeit, Kommunikation&#8221;<br>Tel.: +49 361 57-34 11 606<br>Fax: +49&nbsp;361 37-94 638<br><a href=\"mailto:presse@tmbjs.thueringen.de\">presse@tmbjs.thueringen.de<\/a><\/p>\n\n\n\n<h2 class=\"wp-block-heading\">Arten der verarbeiteten Daten<\/h2>\n\n\n\n<ul class=\"wp-block-list\"><li>Bestandsdaten (z.B. Namen, Adressen)<\/li><li>Kontaktdaten (z.B. E-Mail, Telefonnummern)<\/li><li>Inhaltsdaten (z.B. Texteingaben, Fotografien, Videos)<\/li><li>Nutzungsdaten (z.B. besuchte Webseiten, Interesse an Inhalten, Zugriffszeiten)<\/li><li>Meta-\/Kommunikationsdaten (z.B. Ger\u00e4te-Informationen, IP-Adressen)<\/li><\/ul>\n\n\n\n<h2 class=\"wp-block-heading\">Kategorien betroffener Personen<\/h2>\n\n\n\n<p>Besucher und Nutzer des Onlineangebotes: Nachfolgend bezeichnen wir die betroffenen Personen zusammenfassend auch als \u201eNutzer\u201c.<\/p>\n\n\n\n<h2 class=\"wp-block-heading\">Zweck der Verarbeitung<\/h2>\n\n\n\n<ul class=\"wp-block-list\"><li>Zurverf\u00fcgungstellung des Onlineangebotes, seiner Funktionen und Inhalte<\/li><li>Beantwortung von Kontaktanfragen und Kommunikation mit Nutzern<\/li><li>Sicherheitsma\u00dfnahmen<\/li><li>Reichweitenmessung<\/li><li>Optimierung des Onlineangebotes<\/li><\/ul>\n\n\n\n<h2 class=\"wp-block-heading\">Ma\u00dfgebliche Rechtsgrundlagen<\/h2>\n\n\n\n<p>Wir verarbeiten \u00fcber unsere Webseite personenenbezogene Daten auf der Basis von Artikel 6 Abs. 1 Buchstaben a und e EU-DSGVO. Sofern sich aus Ihren Anfragen, die Sie per Kontaktformular \u00fcbermitteln, Schriftverkehr ergibt, richtet sich die Speicherdauer der Daten nach den Bestimmungen der Richtlinie \u00fcber die Aufbewahrung von Schriftgut in der Verwaltung des Freistaats Th\u00fcringen.<\/p>\n\n\n\n<h2 class=\"wp-block-heading\">Zusammenarbeit mit Auftragsverarbeitern und Dritten<\/h2>\n\n\n\n<p>Sofern wir im Rahmen unserer Verarbeitung Daten gegen\u00fcber anderen Personen und Unternehmen (Auftragsverarbeitern oder Dritten) offenbaren, sie an diese \u00fcbermitteln oder ihnen sonst Zugriff auf die Daten gew\u00e4hren, erfolgt dies nur auf Grundlage einer gesetzlichen Erlaubnis, wenn Sie eingewilligt haben, wenn eine rechtliche Verpflichtung dies vorsieht oder die Verarbeitung f\u00fcr die Wahrnehmung einer Aufgabe, die im \u00f6ffentlichen Interesse liegt, notwendig ist.<\/p>\n\n\n\n<p>Sofern wir Dritte mit der Verarbeitung von Daten auf Grundlage eines sog. \u201eAuftragsverarbeitungsvertrages\u201c beauftragen, geschieht dies auf Grundlage des Art. 28 EU-DSGVO.<\/p>\n\n\n\n<h2 class=\"wp-block-heading\">Hinweis zur Benutzung von Kontaktformularen<\/h2>\n\n\n\n<p>Wenn Sie innerhalb unseres Onlineauftritts Daten \u00fcber ein Formular eingeben und \u00fcbersenden, so erkl\u00e4ren Sie sich per Opt-In-Verfahren damit einverstanden, dass wir Ihre Angaben f\u00fcr die Beantwortung Ihrer Anfrage innerhalb der Landesregierung verwenden. Die von Ihnen \u00fcbermittelten Daten und Informationen werden an die inhaltlich f\u00fcr Ihr Anliegen zust\u00e4ndigen Stelle im Ministerium bzw. in der Th\u00fcringer Landesregierung weitergegeben. Ihr Anliegen wird dort von den f\u00fcr das jeweilige Thema zust\u00e4ndigen Personen bearbeitet.<\/p>\n\n\n\n<p>Eine Weitergabe an sonstige Dritte findet grunds\u00e4tzlich nicht statt, es sei denn geltende Datenschutzvorschriften rechtfertigen eine \u00dcbertragung oder wir sind dazu gesetzlich verpflichtet. Sie k\u00f6nnen Ihre erteilte Einwilligung jederzeit widerrufen, was dann aber die Beantwortung Ihrer Anfrage unm\u00f6glich machen kann.<\/p>\n\n\n\n<h2 class=\"wp-block-heading\">Anonyme Datenverarbeitung<\/h2>\n\n\n\n<p>Eine Speicherung personenbezogener Daten findet grunds\u00e4tzlich nicht statt. F\u00fcr die Nutzung einzelner interaktiver Services unserer Seite k\u00f6nnen sich aber abweichende Regelungen ergeben. Falls Sie einen solchen Service (wie z.B. Kontaktformulare, E-Mail-Service oder Bestellung von Publikationen) in Anspruch nehmen m\u00f6chten, m\u00fcssen wir zur Bearbeitung Ihrer Anfrage personenbezogene Daten verarbeiten. Hierunter fallen Angaben wie z.B. Ihr Name, Ihre Postanschrift und\/oder Email-Adresse. F\u00fcr diese Verarbeitung Ihrer personenbezogenen Daten werden Sie an der entsprechenden Stelle unseres Internetportals um Ihre ausdr\u00fcckliche Einwilligung gebeten.<\/p>\n\n\n\n<p>Wir verarbeiten Ihre personenbezogenen Daten in der Regel nur in dem Umfang, wie Sie uns diese selbst \u00fcber das Internetportal zur Verf\u00fcgung stellen. Sollten ausnahmsweise weitere personenbezogene Daten zur Bearbeitung Ihres Anliegens erforderlich sein, werden Sie diesbez\u00fcglich erg\u00e4nzend um eine ausdr\u00fcckliche Einwilligung gebeten<\/p>\n\n\n\n<p>Beim Besuch des Internetangebots werden automatisch Zugriffsdatum und Uhrzeit Ihres Webseiten-Besuchs, technische Angaben (Version und Name des Browsers und des Betriebssystems, Aufl\u00f6sung des Monitors) sowie gelesene Dokumente in Form von Serverlogfiles protokolliert. Diese Zugriffsdaten werden anonymisiert erhoben und nur f\u00fcr statistische Auswertungen zum Zweck des Betriebs, der Sicherheit und der Optimierung unseres Online-Angebotes verwendet. Ein Bezug der erhobenen Daten zur Person des Nutzers ist ausgeschlossen. Der Name des Access-Providers wird nicht gespeichert.<\/p>\n\n\n\n<p>Beim Aufruf von&nbsp;<strong>http:\/\/<\/strong>bildung.thueringen.de wird standardm\u00e4\u00dfig kein Verschl\u00fcsselungsverfahren verwendet. Eine verschl\u00fcsselte Kommunikation ist aber \u00fcber den Aufruf von&nbsp;<strong>https:<\/strong>\/\/bildung.thueringen.de m\u00f6glich.<\/p>\n\n\n\n<h2 class=\"wp-block-heading\">Webanalysedienste und Cookies<\/h2>\n\n\n\n<p>Es werden zudem Cookies f\u00fcr den technischen Betrieb der Website, zum Beispiel Lastverteilung \u00fcber mehrere Server genutzt. Diese werden in Verantwortung des Th\u00fcringer Landesrechenzentrums (TLRZ) durch die Infrastrukturkomponenten erzeugt und am Ende der Sitzung, also beim Verlassen der Website automatisch gel\u00f6scht.<\/p>\n\n\n\n<h2 class=\"wp-block-heading\">Umgang mit Cookies<\/h2>\n\n\n\n<p>Als \u201eCookies\u201c werden kleine Dateien bezeichnet, die auf Rechnern der Nutzer gespeichert werden. Innerhalb der Cookies k\u00f6nnen unterschiedliche Angaben gespeichert werden. Ein Cookie dient prim\u00e4r dazu, die Angaben zu einem Nutzer (bzw. dem Ger\u00e4t auf dem das Cookie gespeichert ist) w\u00e4hrend oder auch nach seinem Besuch innerhalb eines Onlineangebotes zu speichern. Als tempor\u00e4re Cookies, bzw. \u201eSession-Cookies\u201c oder \u201etransiente Cookies\u201c, werden Cookies bezeichnet, die gel\u00f6scht werden, nachdem ein Nutzer ein Onlineangebot verl\u00e4sst und seinen Browser schlie\u00dft. In einem solchen Cookie kann z.B. der Inhalt eines Warenkorbs in einem Onlineshop oder ein Login-Staus gespeichert werden. Als \u201epermanent\u201c oder \u201epersistent\u201c werden Cookies bezeichnet, die auch nach dem Schlie\u00dfen des Browsers gespeichert bleiben. So kann z.B. der Login-Status gespeichert werden, wenn die Nutzer diese nach mehreren Tagen aufsuchen. Ebenso k\u00f6nnen in einem solchen Cookie die Interessen der Nutzer gespeichert werden, die f\u00fcr Reichweitenmessung verwendet werden. Als \u201eThird-Party-Cookie\u201c werden Cookies von anderen Anbietern als dem Verantwortlichen, der das Onlineangebot betreibt, angeboten werden (andernfalls, wenn es nur dessen Cookies sind spricht man von \u201eFirst-Party Cookies\u201c). Wir k\u00f6nnen tempor\u00e4re und permanente Cookies einsetzen und kl\u00e4ren hier\u00fcber im Rahmen unserer Datenschutzerkl\u00e4rung auf. Falls die Nutzer nicht m\u00f6chten, dass Cookies auf ihrem Rechner gespeichert werden, werden sie gebeten die entsprechende Option in den Systemeinstellungen ihres Browsers zu deaktivieren. Gespeicherte Cookies k\u00f6nnen in den Systemeinstellungen des Browsers gel\u00f6scht werden. Der Ausschluss von Cookies kann zu Funktionseinschr\u00e4nkungen dieses Onlineangebotes f\u00fchren.<\/p>\n\n\n\n<h2 class=\"wp-block-heading\">Widerrufsrecht<\/h2>\n\n\n\n<p>Sie haben das Recht, erteilte Einwilligungen gem. Art. 7 Abs. 3 EU-DSGVO mit Wirkung f\u00fcr die Zukunft zu widerrufen.<\/p>\n\n\n\n<h2 class=\"wp-block-heading\">Widerspruchsrecht<\/h2>\n\n\n\n<p>Sie k\u00f6nnen der k\u00fcnftigen Verarbeitung der Sie betreffenden Daten nach Ma\u00dfgabe des Art. 21 EU-DSGVO jederzeit widersprechen.<\/p>\n\n\n\n<h2 class=\"wp-block-heading\">L\u00f6schung von Daten<\/h2>\n\n\n\n<p>Die von uns erhobenen und verarbeiteten Daten werden nach Ma\u00dfgabe der Art. 17 und 18 EU-DSGVO gel\u00f6scht oder in ihrer Verarbeitung eingeschr\u00e4nkt. Sofern nicht im Rahmen dieser Datenschutzerkl\u00e4rung ausdr\u00fccklich angegeben, werden die bei uns gespeicherten Daten gel\u00f6scht, sobald sie f\u00fcr ihre Zweckbestimmung nicht mehr erforderlich sind und der L\u00f6schung keine gesetzlichen Aufbewahrungspflichten entgegenstehen. Sofern die Daten nicht gel\u00f6scht werden, weil sie f\u00fcr andere und gesetzlich zul\u00e4ssige Zwecke erforderlich sind, wird deren Verarbeitung eingeschr\u00e4nkt, d.h. die Daten werden gesperrt und nicht f\u00fcr andere Zwecke verarbeitet.<\/p>\n\n\n\n<h2 class=\"wp-block-heading\">Onlinepr\u00e4senzen in sozialen Medien<\/h2>\n\n\n\n<p>Wir unterhalten Onlinepr\u00e4senzen innerhalb sozialer Netzwerke und Plattformen, um mit den dort aktiven Nutzern zu kommunizieren und sie dort \u00fcber den Freistaat und die Arbeit der Landesregierung informieren zu k\u00f6nnen. Beim Aufruf der jeweiligen Netzwerke und Plattformen gelten die Gesch\u00e4ftsbedingungen und die Datenverarbeitungsrichtlinien der jeweiligen Betreiber.<\/p>\n\n\n\n<p>Soweit nicht anders im Rahmen unserer Datenschutzerkl\u00e4rung angegeben, verarbeiten wir die Daten der Nutzer sofern diese mit uns innerhalb der sozialen Netzwerke und Plattformen kommunizieren, z.B. Beitr\u00e4ge auf unseren Onlinepr\u00e4senzen verfassen oder uns Nachrichten zusenden.<\/p>\n\n\n\n<p>Details finden Sie im&nbsp;<a href=\"https:\/\/bildung.thueringen.de\/datenschutz#c9778\">Datenschutzkonzept f\u00fcr das Social Media-Angebot des Th\u00fcringer Ministeriums f\u00fcr Bildung, Jugend und Sport&nbsp;<\/a>&nbsp;<\/p>\n\n\n\n<h2 class=\"wp-block-heading\">Rechte der betroffenen Personen<\/h2>\n\n\n\n<p>Sie haben das Recht, eine Best\u00e4tigung dar\u00fcber zu verlangen, ob Sie betreffende Daten verarbeitet werden, ggf. auf Auskunft \u00fcber diese Daten sowie auf weitere Informationen und Kopie der Daten entsprechend Art. 15 EU-DSGVO.<\/p>\n\n\n\n<p>Sie haben entsprechend. Art. 16 EU-DSGVO das Recht, die Vervollst\u00e4ndigung der Sie betreffenden Daten oder die Berichtigung der Sie betreffenden unrichtigen Daten zu verlangen.<\/p>\n\n\n\n<p>Sie haben nach Ma\u00dfgabe des Art. 17 EU-DSGVO das Recht zu verlangen, dass Sie betreffende Daten unverz\u00fcglich gel\u00f6scht werden, bzw. alternativ nach Ma\u00dfgabe des Art. 18 DSGVO eine Einschr\u00e4nkung der Verarbeitung der Daten zu verlangen.<\/p>\n\n\n\n<p>Sie haben das Recht zu verlangen, dass die Sie betreffenden Daten, die Sie uns bereitgestellt haben nach Ma\u00dfgabe des Art. 20 EU-DSGVO zu erhalten und deren \u00dcbermittlung an andere Verantwortliche zu fordern.<\/p>\n\n\n\n<p>Sie haben nach Artikel 77 20 EU-DSGVO au\u00dferdem das Recht, sich bei der Aufsichtsbeh\u00f6rde zu beschweren, wenn Sie der Ansicht sind, dass die Verarbeitung der Sie betreffenden personenbezogenen Daten nicht rechtm\u00e4\u00dfig erfolgt.<\/p>\n\n\n\n<p>Auskunft \u00fcber die gespeicherten Daten gibt Ihnen die Pressestelle des Ministeriums:<\/p>\n\n\n\n<p>Th\u00fcringer Ministerium f\u00fcr Bildung, Jugend und Sport<br>Postfach 900463<br>99107 Erfurt<br>E-Mail: presse(at)tmbjs.thueringen.de<\/p>\n\n\n\n<p>Beachten Sie, dass sich Datenschutzbestimmungen und Handhabungen zum Datenschutz laufend \u00e4ndern k\u00f6nnen. Im Zuge der Weiterentwicklung unserer Internet-Seiten und der Implementierung neuer Technologien k\u00f6nnen auch \u00c4nderungen dieser Datenschutz-erkl\u00e4rung erforderlich werden. Es ist daher ratsam und erforderlich, sich \u00fcber Ver\u00e4nderungen der gesetzlichen Bestimmungen, Datenschutzerkl\u00e4rungen und der Praxis von kommerziellen Dienstanbietern, wie z.B. Twitter Inc., laufend zu informieren.<\/p>\n\n\n\n<h2 class=\"wp-block-heading\">Kontaktdaten des Datenschutzbeauftragen<\/h2>\n\n\n\n<p>Th\u00fcringer Ministerium f\u00fcr Bildung, Jugend und Sport<br>Datenschutzbeauftragter<br>Postfach 900463<br>99107 Erfurt<\/p>\n\n\n\n<p>E-Mail: datenschutz@tmbjs.thueringen.de<\/p>\n\n\n\n<p>Diese Datenschutzerkl\u00e4rung hat Sie \u00fcber die Verarbeitung personenbezogener Daten auf der Webseite bildung.thueringen.de informiert. Informationen zur Verarbeitung personenbezogener Daten im Th\u00fcringer Ministerium f\u00fcr Bildung, Jugend und Sport \u00fcber die Webseite bildung.thueringen.de hinaus finden Sie&nbsp;<a href=\"https:\/\/www.staatskanzlei-thueringen.de\/datenschutzhinweise\/\" target=\"_blank\" rel=\"noreferrer noopener\">hier<\/a>.<\/p>\n\t\t<\/div>\r\n\r\n\t\t\r\n\t\t<a href=\"javascript:void(0);\" class=\"um-toggle-gdpr\" data-toggle-state=\"hidden\"\r\n\t\t   data-toggle-show=\"Datenschutzerkl\u00e4rung zeigen\"\r\n\t\t   data-toggle-hide=\"Datenschutzerkl\u00e4rung verstecken\">\r\n\t\t\tDatenschutzerkl\u00e4rung zeigen\t\t<\/a>\r\n\t<\/div>\r\n\t<div class=\"um-field-area\">\r\n\r\n\t\t\r\n\t\t<label class=\"um-field-checkbox\">\r\n\t\t\t<input type=\"checkbox\" name=\"use_gdpr_agreement\" value=\"1\">\r\n\t\t\t<span class=\"um-field-checkbox-state\"><i class=\"um-icon-android-checkbox-outline-blank\"><\/i><\/span>\r\n\t\t\t<span class=\"um-field-checkbox-option\">Ich habe die Datenschutzerkl\u00e4rung gelesen und akzeptiere dieser hiermit.<\/span>\r\n\t\t<\/label>\r\n\t\t<div class=\"um-clear\"><\/div>\r\n\r\n\t\t\r\n\t\t<div class=\"um-clear\"><\/div>\r\n\t<\/div>\r\n<\/div>\t\t<input type=\"hidden\" name=\"form_id\" id=\"form_id_474\" value=\"474\" \/>\r\n\t\r\n\t<p class=\"um_request_name\">\r\n\t\t<label for=\"um_request_474\">Only fill in if you are not human<\/label>\r\n\t\t<input type=\"hidden\" name=\"um_request\" id=\"um_request_474\" class=\"input\" value=\"\" size=\"25\" autocomplete=\"off\" \/>\r\n\t<\/p>\r\n\r\n\t<input type=\"hidden\" id=\"_wpnonce\" name=\"_wpnonce\" value=\"cd77b1963a\" \/><input type=\"hidden\" name=\"_wp_http_referer\" value=\"\/Sommertagung_DenkBunt_2021\/wp-json\/wp\/v2\/pages\/566\" \/>\n\t<div class=\"um-col-alt\">\n\n\t\t\n\t\t\t<div class=\"um-center\">\n\t\t\t\t<input type=\"submit\" value=\"Registrieren\" class=\"um-button\" id=\"um-submit-btn\" \/>\n\t\t\t<\/div>\n\n\t\t\n\t\t<div class=\"um-clear\"><\/div>\n\n\t<\/div>\n\n\t\t\t\r\n\t\t<\/form>\r\n\r\n\t<\/div>\r\n\r\n<\/div><style type=\"text\/css\">\n.um-474.um {\n\tmax-width: 450px;\n}<\/style>\n\n","protected":false},"excerpt":{"rendered":"<p>Registrierung f\u00fcr die Fachtagung F\u00fcllen Sie das folgende Formular aus, um sie f\u00fcr die Fachtagung zu registrieren. Bitte achten Sie auf die korrekte Schreibweise Ihrer Daten. Bei einer erfolgreichen Registrierung [&hellip;]<\/p>\n","protected":false},"author":2,"featured_media":0,"parent":0,"menu_order":0,"comment_status":"closed","ping_status":"closed","template":"","meta":{"_genesis_hide_title":false,"_genesis_hide_breadcrumbs":false,"_genesis_hide_singular_image":false,"_genesis_hide_footer_widgets":false,"_genesis_custom_body_class":"","_genesis_custom_post_class":"","_genesis_layout":"","_EventAllDay":false,"_EventTimezone":"","_EventStartDate":"","_EventEndDate":"","_EventStartDateUTC":"","_EventEndDateUTC":"","_EventShowMap":false,"_EventShowMapLink":false,"_EventURL":"","_EventCost":"","_EventCostDescription":"","_EventCurrencySymbol":"","_EventCurrencyPosition":"","_EventDateTimeSeparator":"","_EventTimeRangeSeparator":"","_EventOrganizerID":[],"_EventVenueID":0,"_OrganizerEmail":"","_OrganizerPhone":"","_OrganizerWebsite":"","_VenueAddress":"","_VenueCity":"","_VenueCountry":"","_VenueProvince":"","_VenueZip":"","_VenuePhone":"","_VenueURL":"","_VenueStateProvince":"","_VenueLat":"","_VenueLng":"","footnotes":""},"class_list":{"0":"post-566","1":"page","2":"type-page","3":"status-publish","5":"entry"},"featured_image_src":null,"featured_image_src_square":null,"_links":{"self":[{"href":"https:\/\/fachtag-thueringen.de\/Sommertagung_DenkBunt_2021\/wp-json\/wp\/v2\/pages\/566","targetHints":{"allow":["GET"]}}],"collection":[{"href":"https:\/\/fachtag-thueringen.de\/Sommertagung_DenkBunt_2021\/wp-json\/wp\/v2\/pages"}],"about":[{"href":"https:\/\/fachtag-thueringen.de\/Sommertagung_DenkBunt_2021\/wp-json\/wp\/v2\/types\/page"}],"author":[{"embeddable":true,"href":"https:\/\/fachtag-thueringen.de\/Sommertagung_DenkBunt_2021\/wp-json\/wp\/v2\/users\/2"}],"replies":[{"embeddable":true,"href":"https:\/\/fachtag-thueringen.de\/Sommertagung_DenkBunt_2021\/wp-json\/wp\/v2\/comments?post=566"}],"version-history":[{"count":2,"href":"https:\/\/fachtag-thueringen.de\/Sommertagung_DenkBunt_2021\/wp-json\/wp\/v2\/pages\/566\/revisions"}],"predecessor-version":[{"id":574,"href":"https:\/\/fachtag-thueringen.de\/Sommertagung_DenkBunt_2021\/wp-json\/wp\/v2\/pages\/566\/revisions\/574"}],"wp:attachment":[{"href":"https:\/\/fachtag-thueringen.de\/Sommertagung_DenkBunt_2021\/wp-json\/wp\/v2\/media?parent=566"}],"curies":[{"name":"wp","href":"https:\/\/api.w.org\/{rel}","templated":true}]}}