{"id":888,"date":"2021-09-21T14:55:27","date_gmt":"2021-09-21T12:55:27","guid":{"rendered":"https:\/\/fachtag-thueringen.de\/Sommertagung_DenkBunt_2021\/?page_id=888"},"modified":"2021-09-24T14:42:09","modified_gmt":"2021-09-24T12:42:09","slug":"teilnahme-in-webex","status":"publish","type":"page","link":"https:\/\/fachtag-thueringen.de\/Sommertagung_DenkBunt_2021\/teilnahme-in-webex\/","title":{"rendered":"Teilnahme in Webex"},"content":{"rendered":"\n<h2 class=\"wp-block-heading\">Teilnahme mit Webex &#8211; Teilnahme im digitalen Raum<\/h2>\n\n\n\n<p>Die Angebote, Vernetzungsphasen und Workshops, findet im virtuellen Raum. mithilfe der Videokonferenz-Software <em>Webex<\/em> statt. Auf dieser Seite erhalten Sie Hinweise, wie Sie an den Angeboten teilnehmen k\u00f6nnen, falls Sie sich f\u00fcr ein Vernetzungs-Angebot oder einen Workshop angemeldet haben.<\/p>\n\n\n\n<p>Am 30.09 wird die Er\u00f6ffnung, sowie der Fachvortrag in einem <em>Webex-Meeting<\/em> und im <a rel=\"noreferrer noopener\" href=\"https:\/\/fachtag-thueringen.de\/Sommertagung_DenkBunt_2021\/live\/\" target=\"_blank\">Live-Fenster<\/a> zu sehen sein. <\/p>\n\n\n\n<p>Die Personen, die am Format &#8220;Nachgefragt&#8221; teilnehmen und somit R\u00fcckfragen zum Vortrag stellen m\u00f6chten, k\u00f6nnen am <em>Webex-Meeting teilnehmen.<\/em> Anschlie\u00dfend finden die Vernetzungsangebote als <em>Teilgruppen-Sitzungen<\/em> im selben <em>Webex-Meeting<\/em> statt. Der Link zu diesem <em>Webex-Meeting<\/em> wird vor dem 30.09. an alle Teilnehmer:innen versendet. Die Personen, die nicht am Format &#8220;Nachgefragt&#8221; aktiv teilnehmen wollen, k\u00f6nnen die Er\u00f6ffnung, den Fachvortrag und das Format &#8220;Nachgefragt&#8221; \u00fcber das <em><a rel=\"noreferrer noopener\" href=\"https:\/\/fachtag-thueringen.de\/Sommertagung_DenkBunt_2021\/live\" target=\"_blank\">Live-Fenster<\/a><\/em> verfolgen.<\/p>\n\n\n\n<p>Am 01.10 werden die Workshops in jeweils 13 eigenen<em> Webex-Meetings<\/em> stattfinden. Der Abschluss wird im <a rel=\"noreferrer noopener\" href=\"https:\/\/fachtag-thueringen.de\/Sommertagung_DenkBunt_2021\/live\/\" target=\"_blank\">Live-Fenster<\/a> zu sehen sein.<\/p>\n\n\n\n<hr class=\"wp-block-separator is-style-wide\"\/>\n\n\n\n<p>1.) Die Raumlinks f\u00fcr das von Ihnen gew\u00e4hlte Angebot, werden wir kurz vor dem 30.09 an die von Ihnen angegebene E-Mail Adresse senden. Um dem Angebot und somit den virtuellen Raum beizutreten, klicken Sie den Raumlink, den Sie per Mail von uns bekommen haben k\u00f6nnen. Danach wird sich in Ihrem Browser ein neuer Tab \u00f6ffnen. Dort werden Sie gefragt, wie Sie das <em>Webex-Meeting <\/em>\u00f6ffnen m\u00f6chten. Wir empfehlen sich einen kleinen Client herunterzuladen, damit das <em>Webex-Meeting<\/em> stabiler l\u00e4uft. Je nach Browser kann die Meldung folgenderma\u00dfen aussehen:<br>Google Chrome: &#8220;Webex&nbsp;\u00f6ffnen&#8221;&nbsp;klicken.<br>Mozilla Firefox: Erst&nbsp;&#8220;Anwendung&nbsp;w\u00e4hlen&#8221;,&nbsp;dann&nbsp;&#8220;Link&nbsp;\u00f6ffnen&#8221;&nbsp;klicken.<br>Microsoft Edge: &#8220;\u00d6ffnen&#8221;&nbsp;klicken<\/p>\n\n\n\n<p>Alternativ k\u00f6nnen Sie auch \u00fcber den Browser beitreten. Dann wird kein Client heruntergeladen, das <em>Webex-Meeting <\/em>l\u00e4uft dann jedoch nicht so stabil. Um \u00fcber Ihren Browser beizutreten, klicken Sie folgende Anweisungen:<br>Google Chrome: &#8220;Abbrechen&#8221; , dann &#8220;Treten Sie \u00fcber Ihren Browser bei&#8221;<br>Mozilla Firefox: &#8220;Abbrechen&#8221;, dann &#8220;Treten Sie \u00fcber Ihren Browser bei&#8221;<br>Microsoft Edge: &#8220;Abbrechen&#8221;, dann &#8220;Treten Sie \u00fcber Ihren Browser bei&#8221;<\/p>\n\n\n\n<p>2.) Anschlie\u00dfend sollte sich ein Fenster von <em>Webex<\/em> \u00f6ffnen, in welches Sie Ihren Namen und eine E-Mail Adresse eingeben k\u00f6nnen. Der Name ist gleichzeitig auch der Name, mit dem Sie f\u00fcr andere Teilnehmer:innen im digitalen Raum zu sehen sind. Anschlie\u00dfend klicken Sie &#8220;Als Gast beitreten&#8221;.<\/p>\n\n\n\n<p>Falls Sie bereits ein Webex-Konto besitzen und der Client Sie noch nicht automatisch verbunden hat, k\u00f6nnen Sie sich im vorher genannten Fenster mit Ihrem Webex-Konto einloggen.<\/p>\n\n\n\n<p>3.) Bei Erfolg \u00f6ffnet sich ein neues Fenster. Nun befinden Sie sich in einem Raum, in dem Sie Ihre Audio- und Videoeinstellungen vornehmen k\u00f6nnen. \u00dcber &#8220;Video starten&#8221; k\u00f6nnen Sie Ihre Kamera einschalten. \u00dcber &#8220;Video stoppen&#8221; k\u00f6nnen Sie Ihre Kamera wieder ausschalten. <br>Ihr Mikrofon wird standardm\u00e4\u00dfig bei Beitritt deaktiviert sein, sodass Sie nicht zu h\u00f6ren sind. \u00dcber &#8220;Stummschaltung aufheben&#8221; k\u00f6nnen Sie Ihr Mikrofon aktivieren. <br>Im genannten Fenster k\u00f6nnen Sie auch Ihr Lautsprecher und Mikrofon \u00fcber die Schaltfl\u00e4che &#8220;Lautsprecher und Mikrofon testen&#8221; auf Funktion \u00fcberpr\u00fcfen. \u00dcber diese Schaltfl\u00e4che k\u00f6nnen Sie auch Ihr Lautsprecher oder Mikrofon neu einstellen, falls diese nicht funktionieren.<\/p>\n\n\n\n<p>Wenn alle Ger\u00e4te funktionieren und Sie bereit sind, klicken Sie auf die gr\u00fcne Schaltfl\u00e4che &#8220;Meeting beitreten&#8221;.<\/p>\n\n\n\n<p>4.) Herzlich Willkommen, Sie befinden sich nun im Hauptraum.<\/p>\n\n\n\n<p>Zu sehen sind alle Teilnehmer:innen die dem <em>Webex-Meeting<\/em> bereits beigetreten sind. Ihre Ansicht ver\u00e4ndern k\u00f6nnen Sie \u00fcber die Schaltfl\u00e4che &#8220;Layout&#8221;. Diese ist im oberen rechten Bereich zu finden. Dort k\u00f6nnen Sie zwischen <em>Raster<\/em> und <em>Stapel<\/em> w\u00e4hlen. Die Ansicht <em>Raster<\/em> zeigt bis zu 25 Teilnehmer:innen pro Seite. Der Gastgeber und die aktiven Sprecher befinden sich ganz &#8220;vorne. Die Ansicht <em>Stapel <\/em>zeigt den aktiven Sprecher gro\u00df. Dar\u00fcber sind sechs weitere Teilnehmer:innen zu sehen.<\/p>\n\n\n\n<p>Rechts unten finden Sie die Schaltfl\u00e4chen &#8220;Teilnehmer&#8221; und &#8220;Chat&#8221;. Wenn Sie auf &#8220;Teilnehmer&#8221;klicken, k\u00f6nnen Sie sich alle Teilnehmer:innen anzeigen lassen, die sich momentan im Raum befinden. Wenn Sie auf &#8220;Chat&#8221; klicken, \u00f6ffnet sich der Chat des <em>Webex-Meetings<\/em>. Dort k\u00f6nnen Sie die Nachrichten verfolgen, die seit Ihrem Beitritt geschrieben wurden. Ebenso k\u00f6nnen Sie eigene Nachrichten in den Chat oder an einzelne Teilnehmer:innen senden.<\/p>\n\n\n\n<p>Um in den Vernetzungsphasen den R\u00e4umen der Anbieter beitreten zu k\u00f6nnen, ist es wichtig, dass sie das <em>Teilnehmer-Fenster<\/em> ge\u00f6ffnet haben, indem Sie auf die Schaltfl\u00e4che &#8220;Teilnehmer&#8221; im unteren rechten Bereich klicken. Die R\u00e4ume der Anbieter werden als <em>Teilgruppen-Sitzungen<\/em> dargestellt. Wenn die R\u00e4ume der Anbieter ge\u00f6ffnet werden, erscheint im <em>Teilnehmer-Fenster<\/em> automatisch der Men\u00fcpunkt &#8220;Teilgruppen-Sitzungen&#8221;. Dort k\u00f6nnen Sie, je nachdem wie weit die Fachtagung fortgeschritten ist, freiwillig den <em>Teilgruppen-Sitzungen<\/em> mit dem jeweiligen Raumnamen beitreten.<\/p>\n\n\n\n<p>Falls Sie aus einem Raum der Anbieter austreten m\u00f6chten, oder in einen anderen Raum wechseln m\u00f6chten, ist dies kein Problem. Klicken Sie, w\u00e4hrend Sie sich in einem der drei <em>Teilgruppen-Sitzungen<\/em>, auf die rote T\u00fcr, die sich am unteren Bildrand befindet. Dann klicken Sie auf &#8220;Sitzung verlassen&#8221;. Nun befinden Sie sich wieder im Hauptraum oder k\u00f6nnen, wie bereits vorher beschrieben, einem anderen Raum eines anderen Anbieters beitreten.<\/p>\n\n\n\n<p>Viel Spa\u00df!<\/p>\n\n\n\n<p>Das beschrieben Anmeldeprozedere k\u00f6nnen Sie auch hier testen: <a href=\"https:\/\/help.webex.com\/de-DE\/article\/nti2f6w\/Test-Meeting-beitreten\" target=\"_blank\" rel=\"noreferrer noopener\">https:\/\/help.webex.com\/de-DE\/article\/nti2f6w\/Test-Meeting-beitreten<\/a>.<\/p>\n","protected":false},"excerpt":{"rendered":"<p>Teilnahme mit Webex &#8211; Teilnahme im digitalen Raum Die Angebote, Vernetzungsphasen und Workshops, findet im virtuellen Raum. mithilfe der Videokonferenz-Software Webex statt. Auf dieser Seite erhalten Sie Hinweise, wie Sie [&hellip;]<\/p>\n","protected":false},"author":2,"featured_media":0,"parent":0,"menu_order":0,"comment_status":"closed","ping_status":"closed","template":"","meta":{"_genesis_hide_title":false,"_genesis_hide_breadcrumbs":false,"_genesis_hide_singular_image":false,"_genesis_hide_footer_widgets":false,"_genesis_custom_body_class":"","_genesis_custom_post_class":"","_genesis_layout":"","_EventAllDay":false,"_EventTimezone":"","_EventStartDate":"","_EventEndDate":"","_EventStartDateUTC":"","_EventEndDateUTC":"","_EventShowMap":false,"_EventShowMapLink":false,"_EventURL":"","_EventCost":"","_EventCostDescription":"","_EventCurrencySymbol":"","_EventCurrencyPosition":"","_EventDateTimeSeparator":"","_EventTimeRangeSeparator":"","_EventOrganizerID":[],"_EventVenueID":0,"_OrganizerEmail":"","_OrganizerPhone":"","_OrganizerWebsite":"","_VenueAddress":"","_VenueCity":"","_VenueCountry":"","_VenueProvince":"","_VenueZip":"","_VenuePhone":"","_VenueURL":"","_VenueStateProvince":"","_VenueLat":"","_VenueLng":"","footnotes":""},"class_list":{"0":"post-888","1":"page","2":"type-page","3":"status-publish","5":"entry"},"featured_image_src":null,"featured_image_src_square":null,"_links":{"self":[{"href":"https:\/\/fachtag-thueringen.de\/Sommertagung_DenkBunt_2021\/wp-json\/wp\/v2\/pages\/888","targetHints":{"allow":["GET"]}}],"collection":[{"href":"https:\/\/fachtag-thueringen.de\/Sommertagung_DenkBunt_2021\/wp-json\/wp\/v2\/pages"}],"about":[{"href":"https:\/\/fachtag-thueringen.de\/Sommertagung_DenkBunt_2021\/wp-json\/wp\/v2\/types\/page"}],"author":[{"embeddable":true,"href":"https:\/\/fachtag-thueringen.de\/Sommertagung_DenkBunt_2021\/wp-json\/wp\/v2\/users\/2"}],"replies":[{"embeddable":true,"href":"https:\/\/fachtag-thueringen.de\/Sommertagung_DenkBunt_2021\/wp-json\/wp\/v2\/comments?post=888"}],"version-history":[{"count":9,"href":"https:\/\/fachtag-thueringen.de\/Sommertagung_DenkBunt_2021\/wp-json\/wp\/v2\/pages\/888\/revisions"}],"predecessor-version":[{"id":997,"href":"https:\/\/fachtag-thueringen.de\/Sommertagung_DenkBunt_2021\/wp-json\/wp\/v2\/pages\/888\/revisions\/997"}],"wp:attachment":[{"href":"https:\/\/fachtag-thueringen.de\/Sommertagung_DenkBunt_2021\/wp-json\/wp\/v2\/media?parent=888"}],"curies":[{"name":"wp","href":"https:\/\/api.w.org\/{rel}","templated":true}]}}